{"id":71,"date":"2021-04-10T15:39:24","date_gmt":"2021-04-10T13:39:24","guid":{"rendered":"http:\/\/structure-echafaudage.fr\/?page_id=71"},"modified":"2023-04-07T17:31:50","modified_gmt":"2023-04-07T15:31:50","slug":"galerie","status":"publish","type":"page","link":"https:\/\/structure-echafaudage.fr\/?page_id=71","title":{"rendered":"R\u00e9alisations"},"content":{"rendered":"\t\t<div data-elementor-type=\"wp-page\" data-elementor-id=\"71\" class=\"elementor elementor-71\" data-elementor-settings=\"[]\">\n\t\t\t\t\t\t\t<div class=\"elementor-section-wrap\">\n\t\t\t\t\t\t\t<section class=\"elementor-section elementor-top-section elementor-element elementor-element-ff9e45c elementor-section-full_width elementor-reverse-mobile elementor-section-stretched elementor-section-height-default elementor-section-height-default\" data-id=\"ff9e45c\" data-element_type=\"section\" data-settings=\"{&quot;background_background&quot;:&quot;classic&quot;,&quot;stretch_section&quot;:&quot;section-stretched&quot;,&quot;ekit_has_onepagescroll_dot&quot;:&quot;yes&quot;}\">\n\t\t\t\t\t\t<div class=\"elementor-container elementor-column-gap-no\">\n\t\t\t\t\t<div class=\"elementor-column elementor-col-50 elementor-top-column elementor-element elementor-element-06dfd39\" data-id=\"06dfd39\" data-element_type=\"column\" data-settings=\"{&quot;background_background&quot;:&quot;classic&quot;}\">\n\t\t\t<div class=\"elementor-widget-wrap elementor-element-populated\">\n\t\t\t\t\t\t\t\t<div class=\"elementor-element elementor-element-5a9cbce elementor--h-position-center elementor--v-position-middle elementor-arrows-position-inside elementor-pagination-position-inside elementor-widget elementor-widget-slides\" data-id=\"5a9cbce\" data-element_type=\"widget\" data-settings=\"{&quot;navigation&quot;:&quot;both&quot;,&quot;autoplay&quot;:&quot;yes&quot;,&quot;pause_on_hover&quot;:&quot;yes&quot;,&quot;pause_on_interaction&quot;:&quot;yes&quot;,&quot;autoplay_speed&quot;:5000,&quot;infinite&quot;:&quot;yes&quot;,&quot;transition&quot;:&quot;slide&quot;,&quot;transition_speed&quot;:500}\" data-widget_type=\"slides.default\">\n\t\t\t\t<div class=\"elementor-widget-container\">\n\t\t\t\t\t<div class=\"elementor-swiper\">\n\t\t\t<div class=\"elementor-slides-wrapper elementor-main-swiper swiper-container\" dir=\"ltr\" data-animation=\"fadeInUp\">\n\t\t\t\t<div class=\"swiper-wrapper elementor-slides\">\n\t\t\t\t\t<div class=\"elementor-repeater-item-c154d57 swiper-slide\"><div class=\"swiper-slide-bg\"><\/div><div class=\"swiper-slide-inner\" ><div class=\"swiper-slide-contents\"><\/div><\/div><\/div><div class=\"elementor-repeater-item-ae5c682 swiper-slide\"><div class=\"swiper-slide-bg\"><\/div><div class=\"swiper-slide-inner\" ><div class=\"swiper-slide-contents\"><\/div><\/div><\/div>\t\t\t\t<\/div>\n\t\t\t\t\t\t\t\t\t\t\t\t\t\t\t<div class=\"swiper-pagination\"><\/div>\n\t\t\t\t\t\t\t\t\t\t\t\t\t\t\t\t<div class=\"elementor-swiper-button elementor-swiper-button-prev\">\n\t\t\t\t\t\t\t<i class=\"eicon-chevron-left\" aria-hidden=\"true\"><\/i>\n\t\t\t\t\t\t\t<span class=\"elementor-screen-only\">Previous<\/span>\n\t\t\t\t\t\t<\/div>\n\t\t\t\t\t\t<div class=\"elementor-swiper-button elementor-swiper-button-next\">\n\t\t\t\t\t\t\t<i class=\"eicon-chevron-right\" aria-hidden=\"true\"><\/i>\n\t\t\t\t\t\t\t<span class=\"elementor-screen-only\">Next<\/span>\n\t\t\t\t\t\t<\/div>\n\t\t\t\t\t\t\t\t\t\t\t\t<\/div>\n\t\t<\/div>\n\t\t\t\t<\/div>\n\t\t\t\t<\/div>\n\t\t\t\t\t<\/div>\n\t\t<\/div>\n\t\t\t\t<div class=\"elementor-column elementor-col-50 elementor-top-column elementor-element elementor-element-d593caf\" data-id=\"d593caf\" data-element_type=\"column\" data-settings=\"{&quot;background_background&quot;:&quot;classic&quot;}\">\n\t\t\t<div class=\"elementor-widget-wrap elementor-element-populated\">\n\t\t\t\t\t\t\t\t<div class=\"elementor-element elementor-element-1802e32 elementor-widget elementor-widget-heading\" data-id=\"1802e32\" data-element_type=\"widget\" data-settings=\"{&quot;_animation_mobile&quot;:&quot;fadeIn&quot;}\" data-widget_type=\"heading.default\">\n\t\t\t\t<div class=\"elementor-widget-container\">\n\t\t\t<h2 class=\"elementor-heading-title elementor-size-default\">Location Montage \u00e0 S\u00e9vrier en Haute-Savoie<\/h2>\t\t<\/div>\n\t\t\t\t<\/div>\n\t\t\t\t<div class=\"elementor-element elementor-element-00d8fc3 elementor-widget elementor-widget-text-editor\" data-id=\"00d8fc3\" data-element_type=\"widget\" data-widget_type=\"text-editor.default\">\n\t\t\t\t<div class=\"elementor-widget-container\">\n\t\t\t\t\t<div class=\"elementor-text-editor elementor-clearfix\"><p>Montage en protection bas de pente pour notre client charpentier !<\/p><\/div>\n\t\t\t\t<\/div>\n\t\t\t\t<\/div>\n\t\t\t\t\t<\/div>\n\t\t<\/div>\n\t\t\t\t\t\t\t<\/div>\n\t\t<\/section>\n\t\t\t\t<section class=\"elementor-section elementor-top-section elementor-element elementor-element-3622deb elementor-section-full_width elementor-section-content-middle elementor-section-stretched elementor-section-height-default elementor-section-height-default\" data-id=\"3622deb\" data-element_type=\"section\" data-settings=\"{&quot;background_background&quot;:&quot;classic&quot;,&quot;stretch_section&quot;:&quot;section-stretched&quot;,&quot;ekit_has_onepagescroll_dot&quot;:&quot;yes&quot;}\">\n\t\t\t\t\t\t<div class=\"elementor-container elementor-column-gap-no\">\n\t\t\t\t\t<div class=\"elementor-column elementor-col-50 elementor-top-column elementor-element elementor-element-d0d1d4d\" data-id=\"d0d1d4d\" data-element_type=\"column\">\n\t\t\t<div class=\"elementor-widget-wrap elementor-element-populated\">\n\t\t\t\t\t\t\t\t<div class=\"elementor-element elementor-element-52d360a elementor-widget elementor-widget-heading\" data-id=\"52d360a\" data-element_type=\"widget\" data-settings=\"{&quot;_animation_mobile&quot;:&quot;fadeIn&quot;}\" data-widget_type=\"heading.default\">\n\t\t\t\t<div class=\"elementor-widget-container\">\n\t\t\t<h2 class=\"elementor-heading-title elementor-size-default\">Location Montage \u00e0 Courchevel le Praz<\/h2>\t\t<\/div>\n\t\t\t\t<\/div>\n\t\t\t\t<div class=\"elementor-element elementor-element-4053664 elementor-widget elementor-widget-text-editor\" data-id=\"4053664\" data-element_type=\"widget\" data-widget_type=\"text-editor.default\">\n\t\t\t\t<div class=\"elementor-widget-container\">\n\t\t\t\t\t<div class=\"elementor-text-editor elementor-clearfix\"><p>Montage en protection bas de pente pour notre client charpentier !<\/p><p>1000m2 !!<\/p><\/div>\n\t\t\t\t<\/div>\n\t\t\t\t<\/div>\n\t\t\t\t\t<\/div>\n\t\t<\/div>\n\t\t\t\t<div class=\"elementor-column elementor-col-50 elementor-top-column elementor-element elementor-element-bc1c7bb\" data-id=\"bc1c7bb\" data-element_type=\"column\">\n\t\t\t<div class=\"elementor-widget-wrap elementor-element-populated\">\n\t\t\t\t\t\t\t\t<div class=\"elementor-element elementor-element-b74c171 elementor-widget elementor-widget-image\" data-id=\"b74c171\" data-element_type=\"widget\" data-widget_type=\"image.default\">\n\t\t\t\t<div class=\"elementor-widget-container\">\n\t\t\t\t\t<div class=\"elementor-image\">\n\t\t\t\t\t\t\t\t\t\t<img width=\"980\" height=\"735\" src=\"https:\/\/structure-echafaudage.fr\/wp-content\/uploads\/2023\/04\/IMG_0823-1024x768.jpeg\" class=\"attachment-large size-large\" alt=\"\" loading=\"lazy\" srcset=\"https:\/\/structure-echafaudage.fr\/wp-content\/uploads\/2023\/04\/IMG_0823-1024x768.jpeg 1024w, https:\/\/structure-echafaudage.fr\/wp-content\/uploads\/2023\/04\/IMG_0823-300x225.jpeg 300w, https:\/\/structure-echafaudage.fr\/wp-content\/uploads\/2023\/04\/IMG_0823-768x576.jpeg 768w, https:\/\/structure-echafaudage.fr\/wp-content\/uploads\/2023\/04\/IMG_0823-1536x1152.jpeg 1536w, https:\/\/structure-echafaudage.fr\/wp-content\/uploads\/2023\/04\/IMG_0823-2048x1536.jpeg 2048w\" sizes=\"(max-width: 980px) 100vw, 980px\" \/>\t\t\t\t\t\t\t\t\t\t\t<\/div>\n\t\t\t\t<\/div>\n\t\t\t\t<\/div>\n\t\t\t\t\t<\/div>\n\t\t<\/div>\n\t\t\t\t\t\t\t<\/div>\n\t\t<\/section>\n\t\t\t\t<section class=\"elementor-section elementor-top-section elementor-element elementor-element-97ce9d2 elementor-section-full_width elementor-section-content-middle elementor-reverse-mobile elementor-section-stretched elementor-section-height-default elementor-section-height-default\" data-id=\"97ce9d2\" data-element_type=\"section\" data-settings=\"{&quot;background_background&quot;:&quot;classic&quot;,&quot;animation_mobile&quot;:&quot;none&quot;,&quot;stretch_section&quot;:&quot;section-stretched&quot;,&quot;ekit_has_onepagescroll_dot&quot;:&quot;yes&quot;}\">\n\t\t\t\t\t\t<div class=\"elementor-container elementor-column-gap-no\">\n\t\t\t\t\t<div class=\"elementor-column elementor-col-50 elementor-top-column elementor-element elementor-element-1be6cc1\" data-id=\"1be6cc1\" data-element_type=\"column\">\n\t\t\t<div class=\"elementor-widget-wrap elementor-element-populated\">\n\t\t\t\t\t\t\t\t<div class=\"elementor-element elementor-element-88537b1 elementor--h-position-center elementor--v-position-middle elementor-arrows-position-inside elementor-pagination-position-inside elementor-widget elementor-widget-slides\" data-id=\"88537b1\" data-element_type=\"widget\" data-settings=\"{&quot;navigation&quot;:&quot;both&quot;,&quot;autoplay&quot;:&quot;yes&quot;,&quot;pause_on_hover&quot;:&quot;yes&quot;,&quot;pause_on_interaction&quot;:&quot;yes&quot;,&quot;autoplay_speed&quot;:5000,&quot;infinite&quot;:&quot;yes&quot;,&quot;transition&quot;:&quot;slide&quot;,&quot;transition_speed&quot;:500}\" data-widget_type=\"slides.default\">\n\t\t\t\t<div class=\"elementor-widget-container\">\n\t\t\t\t\t<div class=\"elementor-swiper\">\n\t\t\t<div class=\"elementor-slides-wrapper elementor-main-swiper swiper-container\" dir=\"ltr\" data-animation=\"fadeInUp\">\n\t\t\t\t<div class=\"swiper-wrapper elementor-slides\">\n\t\t\t\t\t<div class=\"elementor-repeater-item-2e8fee6 swiper-slide\"><div class=\"swiper-slide-bg\"><\/div><div class=\"swiper-slide-inner\" ><div class=\"swiper-slide-contents\"><\/div><\/div><\/div><div class=\"elementor-repeater-item-99d1c27 swiper-slide\"><div class=\"swiper-slide-bg\"><\/div><div class=\"swiper-slide-inner\" ><div class=\"swiper-slide-contents\"><\/div><\/div><\/div>\t\t\t\t<\/div>\n\t\t\t\t\t\t\t\t\t\t\t\t\t\t\t<div class=\"swiper-pagination\"><\/div>\n\t\t\t\t\t\t\t\t\t\t\t\t\t\t\t\t<div class=\"elementor-swiper-button elementor-swiper-button-prev\">\n\t\t\t\t\t\t\t<i class=\"eicon-chevron-left\" aria-hidden=\"true\"><\/i>\n\t\t\t\t\t\t\t<span class=\"elementor-screen-only\">Previous<\/span>\n\t\t\t\t\t\t<\/div>\n\t\t\t\t\t\t<div class=\"elementor-swiper-button elementor-swiper-button-next\">\n\t\t\t\t\t\t\t<i class=\"eicon-chevron-right\" aria-hidden=\"true\"><\/i>\n\t\t\t\t\t\t\t<span class=\"elementor-screen-only\">Next<\/span>\n\t\t\t\t\t\t<\/div>\n\t\t\t\t\t\t\t\t\t\t\t\t<\/div>\n\t\t<\/div>\n\t\t\t\t<\/div>\n\t\t\t\t<\/div>\n\t\t\t\t\t<\/div>\n\t\t<\/div>\n\t\t\t\t<div class=\"elementor-column elementor-col-50 elementor-top-column elementor-element elementor-element-a013af4\" data-id=\"a013af4\" data-element_type=\"column\" data-settings=\"{&quot;background_background&quot;:&quot;classic&quot;}\">\n\t\t\t<div class=\"elementor-widget-wrap elementor-element-populated\">\n\t\t\t\t\t\t\t\t<div class=\"elementor-element elementor-element-8d0a4a3 elementor-widget elementor-widget-heading\" data-id=\"8d0a4a3\" data-element_type=\"widget\" data-settings=\"{&quot;_animation_mobile&quot;:&quot;fadeIn&quot;}\" data-widget_type=\"heading.default\">\n\t\t\t\t<div class=\"elementor-widget-container\">\n\t\t\t<h2 class=\"elementor-heading-title elementor-size-default\">Location Montage Courchevel 1850<\/h2>\t\t<\/div>\n\t\t\t\t<\/div>\n\t\t\t\t<div class=\"elementor-element elementor-element-7b06edf elementor-widget elementor-widget-text-editor\" data-id=\"7b06edf\" data-element_type=\"widget\" data-widget_type=\"text-editor.default\">\n\t\t\t\t<div class=\"elementor-widget-container\">\n\t\t\t\t\t<div class=\"elementor-text-editor elementor-clearfix\"><p>Structure \u00c9chafaudage intervient r\u00e9guli\u00e8rment dans les stations de sport d&rsquo;hiver. Chalets, grands complexes, villa particulier, nous sommes en capacit\u00e9 de vous conseiller.<\/p><\/div>\n\t\t\t\t<\/div>\n\t\t\t\t<\/div>\n\t\t\t\t\t<\/div>\n\t\t<\/div>\n\t\t\t\t\t\t\t<\/div>\n\t\t<\/section>\n\t\t\t\t<section class=\"elementor-section elementor-top-section elementor-element elementor-element-6c2ba84 elementor-section-full_width elementor-section-content-middle elementor-section-stretched elementor-section-height-default elementor-section-height-default\" data-id=\"6c2ba84\" data-element_type=\"section\" data-settings=\"{&quot;background_background&quot;:&quot;classic&quot;,&quot;stretch_section&quot;:&quot;section-stretched&quot;,&quot;ekit_has_onepagescroll_dot&quot;:&quot;yes&quot;}\">\n\t\t\t\t\t\t<div class=\"elementor-container elementor-column-gap-no\">\n\t\t\t\t\t<div class=\"elementor-column elementor-col-50 elementor-top-column elementor-element elementor-element-afceb16\" data-id=\"afceb16\" data-element_type=\"column\">\n\t\t\t<div class=\"elementor-widget-wrap elementor-element-populated\">\n\t\t\t\t\t\t\t\t<div class=\"elementor-element elementor-element-26103bc elementor-widget elementor-widget-heading\" data-id=\"26103bc\" data-element_type=\"widget\" data-settings=\"{&quot;_animation_mobile&quot;:&quot;fadeIn&quot;}\" data-widget_type=\"heading.default\">\n\t\t\t\t<div class=\"elementor-widget-container\">\n\t\t\t<h2 class=\"elementor-heading-title elementor-size-default\">Location Montage \u00e0 Ar\u00eaches-Beaufort<\/h2>\t\t<\/div>\n\t\t\t\t<\/div>\n\t\t\t\t<div class=\"elementor-element elementor-element-7505455 elementor-widget elementor-widget-text-editor\" data-id=\"7505455\" data-element_type=\"widget\" data-widget_type=\"text-editor.default\">\n\t\t\t\t<div class=\"elementor-widget-container\">\n\t\t\t\t\t<div class=\"elementor-text-editor elementor-clearfix\"><p>Copropri\u00e9t\u00e9s, immeubles,&#8230;Des travaux de r\u00e9novation sont souvent necessaires. Ainsi, notre mat\u00e9riel peut \u00eatre utilis\u00e9 par les entreprises de charpente, r\u00e9novation de fa\u00e7ade,&#8230;<\/p><\/div>\n\t\t\t\t<\/div>\n\t\t\t\t<\/div>\n\t\t\t\t\t<\/div>\n\t\t<\/div>\n\t\t\t\t<div class=\"elementor-column elementor-col-50 elementor-top-column elementor-element elementor-element-c2957e5\" data-id=\"c2957e5\" data-element_type=\"column\">\n\t\t\t<div class=\"elementor-widget-wrap elementor-element-populated\">\n\t\t\t\t\t\t\t\t<div class=\"elementor-element elementor-element-46fa08f elementor-widget elementor-widget-image\" data-id=\"46fa08f\" data-element_type=\"widget\" data-widget_type=\"image.default\">\n\t\t\t\t<div class=\"elementor-widget-container\">\n\t\t\t\t\t<div class=\"elementor-image\">\n\t\t\t\t\t\t\t\t\t\t<img width=\"2560\" height=\"1920\" src=\"https:\/\/structure-echafaudage.fr\/wp-content\/uploads\/2023\/04\/IMG_0271-scaled.jpeg\" class=\"attachment-full size-full\" alt=\"\" loading=\"lazy\" srcset=\"https:\/\/structure-echafaudage.fr\/wp-content\/uploads\/2023\/04\/IMG_0271-scaled.jpeg 2560w, https:\/\/structure-echafaudage.fr\/wp-content\/uploads\/2023\/04\/IMG_0271-300x225.jpeg 300w, https:\/\/structure-echafaudage.fr\/wp-content\/uploads\/2023\/04\/IMG_0271-1024x768.jpeg 1024w, https:\/\/structure-echafaudage.fr\/wp-content\/uploads\/2023\/04\/IMG_0271-768x576.jpeg 768w, https:\/\/structure-echafaudage.fr\/wp-content\/uploads\/2023\/04\/IMG_0271-1536x1152.jpeg 1536w, https:\/\/structure-echafaudage.fr\/wp-content\/uploads\/2023\/04\/IMG_0271-2048x1536.jpeg 2048w\" sizes=\"(max-width: 2560px) 100vw, 2560px\" \/>\t\t\t\t\t\t\t\t\t\t\t<\/div>\n\t\t\t\t<\/div>\n\t\t\t\t<\/div>\n\t\t\t\t\t<\/div>\n\t\t<\/div>\n\t\t\t\t\t\t\t<\/div>\n\t\t<\/section>\n\t\t\t\t\t\t<\/div>\n\t\t\t\t\t<\/div>\n\t\t","protected":false},"excerpt":{"rendered":"<p>Previous Next Location Montage \u00e0 S\u00e9vrier en Haute-Savoie Montage en protection bas de pente pour notre client charpentier ! Location Montage \u00e0 Courchevel le Praz Montage en protection bas de pente pour notre client charpentier ! 1000m2 !! Previous Next Location Montage Courchevel 1850 Structure \u00c9chafaudage intervient r\u00e9guli\u00e8rment dans les stations de sport d&rsquo;hiver. Chalets, [&hellip;]<\/p>\n","protected":false},"author":1,"featured_media":0,"parent":0,"menu_order":0,"comment_status":"closed","ping_status":"closed","template":"elementor_header_footer","meta":[],"yoast_head":"<!-- This site is optimized with the Yoast SEO plugin v16.1.1 - https:\/\/yoast.com\/wordpress\/plugins\/seo\/ -->\n<title>R\u00e9alisations - Structure Echafaudage<\/title>\n<link rel=\"canonical\" href=\"https:\/\/structure-echafaudage.fr\/?page_id=71\" \/>\n<meta property=\"og:locale\" content=\"fr_FR\" \/>\n<meta property=\"og:type\" content=\"article\" \/>\n<meta property=\"og:title\" content=\"R\u00e9alisations - Structure Echafaudage\" \/>\n<meta property=\"og:description\" content=\"Previous Next Location Montage \u00e0 S\u00e9vrier en Haute-Savoie Montage en protection bas de pente pour notre client charpentier ! Location Montage \u00e0 Courchevel le Praz Montage en protection bas de pente pour notre client charpentier ! 1000m2 !! Previous Next Location Montage Courchevel 1850 Structure \u00c9chafaudage intervient r\u00e9guli\u00e8rment dans les stations de sport d&rsquo;hiver. Chalets, [&hellip;]\" \/>\n<meta property=\"og:url\" content=\"https:\/\/structure-echafaudage.fr\/?page_id=71\" \/>\n<meta property=\"og:site_name\" content=\"Structure Echafaudage\" \/>\n<meta property=\"article:modified_time\" content=\"2023-04-07T15:31:50+00:00\" \/>\n<meta property=\"og:image\" content=\"https:\/\/structure-echafaudage.fr\/wp-content\/uploads\/2023\/04\/IMG_0823-1024x768.jpeg\" \/>\n<meta name=\"twitter:card\" content=\"summary_large_image\" \/>\n<meta name=\"twitter:label1\" content=\"Dur\u00e9e de lecture est.\">\n\t<meta name=\"twitter:data1\" content=\"1 minute\">\n<script type=\"application\/ld+json\" class=\"yoast-schema-graph\">{\"@context\":\"https:\/\/schema.org\",\"@graph\":[{\"@type\":\"WebSite\",\"@id\":\"https:\/\/structure-echafaudage.fr\/#website\",\"url\":\"https:\/\/structure-echafaudage.fr\/\",\"name\":\"Structure Echafaudage\",\"description\":\"Location\",\"potentialAction\":[{\"@type\":\"SearchAction\",\"target\":\"https:\/\/structure-echafaudage.fr\/?s={search_term_string}\",\"query-input\":\"required name=search_term_string\"}],\"inLanguage\":\"fr-FR\"},{\"@type\":\"ImageObject\",\"@id\":\"https:\/\/structure-echafaudage.fr\/?page_id=71#primaryimage\",\"inLanguage\":\"fr-FR\",\"url\":\"https:\/\/structure-echafaudage.fr\/wp-content\/uploads\/2023\/04\/IMG_0823-1024x768.jpeg\",\"contentUrl\":\"https:\/\/structure-echafaudage.fr\/wp-content\/uploads\/2023\/04\/IMG_0823-1024x768.jpeg\"},{\"@type\":\"WebPage\",\"@id\":\"https:\/\/structure-echafaudage.fr\/?page_id=71#webpage\",\"url\":\"https:\/\/structure-echafaudage.fr\/?page_id=71\",\"name\":\"R\\u00e9alisations - Structure Echafaudage\",\"isPartOf\":{\"@id\":\"https:\/\/structure-echafaudage.fr\/#website\"},\"primaryImageOfPage\":{\"@id\":\"https:\/\/structure-echafaudage.fr\/?page_id=71#primaryimage\"},\"datePublished\":\"2021-04-10T13:39:24+00:00\",\"dateModified\":\"2023-04-07T15:31:50+00:00\",\"breadcrumb\":{\"@id\":\"https:\/\/structure-echafaudage.fr\/?page_id=71#breadcrumb\"},\"inLanguage\":\"fr-FR\",\"potentialAction\":[{\"@type\":\"ReadAction\",\"target\":[\"https:\/\/structure-echafaudage.fr\/?page_id=71\"]}]},{\"@type\":\"BreadcrumbList\",\"@id\":\"https:\/\/structure-echafaudage.fr\/?page_id=71#breadcrumb\",\"itemListElement\":[{\"@type\":\"ListItem\",\"position\":1,\"item\":{\"@type\":\"WebPage\",\"@id\":\"https:\/\/structure-echafaudage.fr\/\",\"url\":\"https:\/\/structure-echafaudage.fr\/\",\"name\":\"Accueil\"}},{\"@type\":\"ListItem\",\"position\":2,\"item\":{\"@type\":\"WebPage\",\"@id\":\"https:\/\/structure-echafaudage.fr\/?page_id=71\",\"url\":\"https:\/\/structure-echafaudage.fr\/?page_id=71\",\"name\":\"R\\u00e9alisations\"}}]}]}<\/script>\n<!-- \/ Yoast SEO plugin. -->","_links":{"self":[{"href":"https:\/\/structure-echafaudage.fr\/index.php?rest_route=\/wp\/v2\/pages\/71"}],"collection":[{"href":"https:\/\/structure-echafaudage.fr\/index.php?rest_route=\/wp\/v2\/pages"}],"about":[{"href":"https:\/\/structure-echafaudage.fr\/index.php?rest_route=\/wp\/v2\/types\/page"}],"author":[{"embeddable":true,"href":"https:\/\/structure-echafaudage.fr\/index.php?rest_route=\/wp\/v2\/users\/1"}],"replies":[{"embeddable":true,"href":"https:\/\/structure-echafaudage.fr\/index.php?rest_route=%2Fwp%2Fv2%2Fcomments&post=71"}],"version-history":[{"count":92,"href":"https:\/\/structure-echafaudage.fr\/index.php?rest_route=\/wp\/v2\/pages\/71\/revisions"}],"predecessor-version":[{"id":458,"href":"https:\/\/structure-echafaudage.fr\/index.php?rest_route=\/wp\/v2\/pages\/71\/revisions\/458"}],"wp:attachment":[{"href":"https:\/\/structure-echafaudage.fr\/index.php?rest_route=%2Fwp%2Fv2%2Fmedia&parent=71"}],"curies":[{"name":"wp","href":"https:\/\/api.w.org\/{rel}","templated":true}]}}